{"id":10955,"date":"2021-05-22T07:25:09","date_gmt":"2021-05-22T07:25:09","guid":{"rendered":"https:\/\/rattaneo.com\/entdecken-sie-die-einzigartigen-rattan-mobel-von-rattaneo\/"},"modified":"2024-07-29T12:08:47","modified_gmt":"2024-07-29T12:08:47","slug":"entdecken-sie-die-einzigartigen-rattan-mobel-von-rattaneo","status":"publish","type":"page","link":"https:\/\/rattaneo.com\/de\/entdecken-sie-die-einzigartigen-rattan-mobel-von-rattaneo\/","title":{"rendered":"Entdecken Sie die einzigartigen Rattan-M\u00f6bel von RattaNeo"},"content":{"rendered":"\n<figure class=\"wp-block-video\"><video controls=\"\" src=\"http:\/\/rattaneo.com\/wp-content\/uploads\/2021\/05\/My-Post-1.mp4\"><\/video><\/figure>\n\n<div style=\"height:100px\" aria-hidden=\"true\" class=\"wp-block-spacer\"><\/div>\n\n<p class=\"has-large-font-size\">Ein gesundes Interieur f\u00fcr Sie ist der beste Platz f\u00fcr RattaNeo Furniture:<\/p>\n\n<ul class=\"wp-block-list\">\n<li>Sch\u00fctzen Sie sich vor \u00fcberm\u00e4\u00dfiger Sonneneinstrahlung<\/li>\n\n\n\n<li>Luftfeuchtigkeit 40 &#8211; 70 % halten<\/li>\n\n\n\n<li>die beste Temperatur ist 15 &#8211; 30 <sup>oC<\/sup><\/li>\n<\/ul>\n\n<div style=\"height:100px\" aria-hidden=\"true\" class=\"wp-block-spacer\"><\/div>\n\n<figure class=\"wp-block-image size-large is-style-default\"><img decoding=\"async\" src=\"http:\/\/rattaneo.com\/wp-content\/uploads\/2021\/05\/My-Post-29-768x1024.png\" alt=\"RattaNeo\" class=\"wp-image-75\"\/><\/figure>\n\n<p><\/p>\n","protected":false},"excerpt":{"rendered":"<p>Ein gesundes Interieur f\u00fcr Sie ist der beste Platz f\u00fcr RattaNeo Furniture:<\/p>\n","protected":false},"author":1,"featured_media":0,"parent":0,"menu_order":0,"comment_status":"closed","ping_status":"closed","template":"","meta":{"_seopress_robots_primary_cat":"","_seopress_titles_title":"","_seopress_titles_desc":"","_seopress_robots_index":"","_eb_attr":"","footnotes":""},"class_list":["post-10955","page","type-page","status-publish","hentry"],"jetpack-related-posts":[],"jetpack_sharing_enabled":true,"_links":{"self":[{"href":"https:\/\/rattaneo.com\/de\/wp-json\/wp\/v2\/pages\/10955","targetHints":{"allow":["GET"]}}],"collection":[{"href":"https:\/\/rattaneo.com\/de\/wp-json\/wp\/v2\/pages"}],"about":[{"href":"https:\/\/rattaneo.com\/de\/wp-json\/wp\/v2\/types\/page"}],"author":[{"embeddable":true,"href":"https:\/\/rattaneo.com\/de\/wp-json\/wp\/v2\/users\/1"}],"replies":[{"embeddable":true,"href":"https:\/\/rattaneo.com\/de\/wp-json\/wp\/v2\/comments?post=10955"}],"version-history":[{"count":1,"href":"https:\/\/rattaneo.com\/de\/wp-json\/wp\/v2\/pages\/10955\/revisions"}],"predecessor-version":[{"id":10956,"href":"https:\/\/rattaneo.com\/de\/wp-json\/wp\/v2\/pages\/10955\/revisions\/10956"}],"wp:attachment":[{"href":"https:\/\/rattaneo.com\/de\/wp-json\/wp\/v2\/media?parent=10955"}],"curies":[{"name":"wp","href":"https:\/\/api.w.org\/{rel}","templated":true}]}}