{"id":10961,"date":"2021-05-22T08:56:50","date_gmt":"2021-05-22T08:56:50","guid":{"rendered":"https:\/\/rattaneo.com\/originalitatszertifikat-rattaneo-mobel\/"},"modified":"2024-07-29T12:21:23","modified_gmt":"2024-07-29T12:21:23","slug":"originalitatszertifikat-rattaneo-mobel","status":"publish","type":"page","link":"https:\/\/rattaneo.com\/de\/originalitatszertifikat-rattaneo-mobel\/","title":{"rendered":"Originalit\u00e4tszertifikat RattaNeo M\u00f6bel"},"content":{"rendered":"\n<p class=\"has-text-align-center has-large-font-size\">Um die hohe Qualit\u00e4t unserer M\u00f6bel zu garantieren, wird jedes Produkt vor dem Verkauf einer gr\u00fcndlichen Pr\u00fcfung unterzogen und anschlie\u00dfend mit dem RattaNeo-G\u00fctesiegel versehen.<\/p>\n\n<div style=\"height:100px\" aria-hidden=\"true\" class=\"wp-block-spacer\"><\/div>\n\n<figure class=\"wp-block-image aligncenter size-large\"><img decoding=\"async\" src=\"http:\/\/rattaneo.com\/wp-content\/uploads\/2021\/05\/Ratta-Neo-PL_2021-04-22_021-Gold_15x23_TF-Gold-DNo_v2.gif\" alt=\"RattaNeo\" class=\"wp-image-89\"\/><\/figure>\n\n<div style=\"height:100px\" aria-hidden=\"true\" class=\"wp-block-spacer\"><\/div>\n\n<p class=\"has-text-align-center has-large-font-size\">Auf dem Hologramm ist eine individuelle Nummer vermerkt, die in unserer Datenbank f\u00fcr garantierte Produkte gespeichert ist.<\/p>\n","protected":false},"excerpt":{"rendered":"<p>Um die hohe Qualit\u00e4t unserer M\u00f6bel zu garantieren, wird jedes Produkt vor dem Verkauf einer gr\u00fcndlichen Pr\u00fcfung unterzogen und anschlie\u00dfend mit dem RattaNeo-G\u00fctesiegel versehen. Auf dem Hologramm ist eine individuelle Nummer vermerkt, die in unserer Datenbank f\u00fcr garantierte Produkte gespeichert ist.<\/p>\n","protected":false},"author":1,"featured_media":0,"parent":0,"menu_order":0,"comment_status":"closed","ping_status":"closed","template":"","meta":{"_seopress_robots_primary_cat":"","_seopress_titles_title":"","_seopress_titles_desc":"","_seopress_robots_index":"","_eb_attr":"","footnotes":""},"class_list":["post-10961","page","type-page","status-publish","hentry"],"jetpack-related-posts":[],"jetpack_sharing_enabled":true,"_links":{"self":[{"href":"https:\/\/rattaneo.com\/de\/wp-json\/wp\/v2\/pages\/10961","targetHints":{"allow":["GET"]}}],"collection":[{"href":"https:\/\/rattaneo.com\/de\/wp-json\/wp\/v2\/pages"}],"about":[{"href":"https:\/\/rattaneo.com\/de\/wp-json\/wp\/v2\/types\/page"}],"author":[{"embeddable":true,"href":"https:\/\/rattaneo.com\/de\/wp-json\/wp\/v2\/users\/1"}],"replies":[{"embeddable":true,"href":"https:\/\/rattaneo.com\/de\/wp-json\/wp\/v2\/comments?post=10961"}],"version-history":[{"count":1,"href":"https:\/\/rattaneo.com\/de\/wp-json\/wp\/v2\/pages\/10961\/revisions"}],"predecessor-version":[{"id":10962,"href":"https:\/\/rattaneo.com\/de\/wp-json\/wp\/v2\/pages\/10961\/revisions\/10962"}],"wp:attachment":[{"href":"https:\/\/rattaneo.com\/de\/wp-json\/wp\/v2\/media?parent=10961"}],"curies":[{"name":"wp","href":"https:\/\/api.w.org\/{rel}","templated":true}]}}