{"id":10965,"date":"2021-05-21T20:55:21","date_gmt":"2021-05-21T20:55:21","guid":{"rendered":"https:\/\/rattaneo.com\/entdecken-sie-die-einzigartige-geschichte-der-rattanmobel\/"},"modified":"2024-07-29T12:22:27","modified_gmt":"2024-07-29T12:22:27","slug":"entdecken-sie-die-einzigartige-geschichte-der-rattanmobel","status":"publish","type":"page","link":"https:\/\/rattaneo.com\/de\/entdecken-sie-die-einzigartige-geschichte-der-rattanmobel\/","title":{"rendered":"Entdecken Sie die einzigartige Geschichte der Rattanm\u00f6bel"},"content":{"rendered":"\t\t<div data-elementor-type=\"wp-page\" data-elementor-id=\"10965\" class=\"elementor elementor-10965 elementor-45\" data-elementor-post-type=\"page\">\n\t\t\t\t\t\t<section class=\"elementor-section elementor-top-section elementor-element elementor-element-2a557bc6 elementor-section-boxed elementor-section-height-default elementor-section-height-default\" data-id=\"2a557bc6\" data-element_type=\"section\" data-e-type=\"section\">\n\t\t\t\t\t\t<div class=\"elementor-container elementor-column-gap-default\">\n\t\t\t\t\t<div class=\"elementor-column elementor-col-100 elementor-top-column elementor-element elementor-element-50764c4e\" data-id=\"50764c4e\" data-element_type=\"column\" data-e-type=\"column\">\n\t\t\t<div class=\"elementor-widget-wrap elementor-element-populated\">\n\t\t\t\t\t\t<div class=\"elementor-element elementor-element-40977381 elementor-widget elementor-widget-text-editor\" data-id=\"40977381\" data-element_type=\"widget\" data-e-type=\"widget\" data-widget_type=\"text-editor.default\">\n\t\t\t\t<div class=\"elementor-widget-container\">\n\t\t\t\t\t\t\t\t\t<figure class=\"wp-block-image size-large is-style-default\"><img alt=\"\" decoding=\"async\" class=\"wp-image-54\" src=\"http:\/\/rattaneo.com\/wp-content\/uploads\/2021\/05\/My-Post-23-1024x576.png\" alt=\"\"><\/figure>\n<p>Rattanm\u00f6bel haben eine reiche und faszinierende Geschichte, die sich \u00fcber Jahrhunderte erstreckt. Die Verwendung von Rattan, einer wein\u00e4hnlichen Palme, in M\u00f6beln l\u00e4sst sich bis in die antiken Zivilisationen zur\u00fcckverfolgen, wo es wegen seiner nat\u00fcrlichen Sch\u00f6nheit und Flexibilit\u00e4t gesch\u00e4tzt wurde. Der Beginn der Geschichte nat\u00fcrlicher Rattanm\u00f6bel, die mit meisterhafter Handwerkskunst hergestellt wurden, l\u00e4sst sich bis ins alte \u00c4gypten zur\u00fcckverfolgen, wo Flechtprodukte in den Gr\u00e4bern der Pharaonen gefunden wurden.<\/p>\n<figure class=\"wp-block-image size-large\"><img decoding=\"async\" class=\"wp-image-55\" src=\"http:\/\/rattaneo.com\/wp-content\/uploads\/2021\/05\/My-Post-24-1024x549.png\" alt=\"Rattan Geschichte\"><\/figure>\n<p>Die R\u00f6mer \u00fcbernahmen die antike Technik der M\u00f6belherstellung und machten sie sich im ganzen Reich zu eigen. Im 19. Jahrhundert gewannen Rattanm\u00f6bel in Europa w\u00e4hrend der viktorianischen \u00c4ra an Popularit\u00e4t und wurden zu einem Symbol f\u00fcr Eleganz und Exotik. Das geringe Gewicht und die Langlebigkeit von Rattan machen es zu einer perfekten Wahl f\u00fcr die Einrichtung von Innen- und Au\u00dfenbereichen. In der Mitte des 20. Jahrhunderts erlebten Rattanm\u00f6bel einen erneuten Aufschwung und wurden von ber\u00fchmten Designern wie <a href=\"https:\/\/pl.wikipedia.org\/wiki\/Franco_Albini\">Franco Albini<\/a> und <a href=\"https:\/\/pl.wikipedia.org\/wiki\/Arne_Jacobsen\">Arne Jacobsen<\/a> in ihre modernistischen Kreationen integriert.<\/p>\n<p>Heute werden Rattanm\u00f6bel wegen ihrer zeitlosen Attraktivit\u00e4t, ihrer Umweltfreundlichkeit und ihrer Vielseitigkeit gesch\u00e4tzt, was sie zu einer beliebten Wahl f\u00fcr Innenarchitekten und Hausbesitzer gleicherma\u00dfen macht.<\/p>\n<p><a href=\"http:\/\/rattaneo.com\">Entdecken Sie den unverg\u00e4nglichen Charme und die Anziehungskraft von Rattanm\u00f6beln, ein Beweis f\u00fcr die anhaltende Anziehungskraft von Naturmaterialien in der Wohnkultur.<\/a><\/p><\/p>\n\t\t\t\t\t\t\t\t<\/div>\n\t\t\t\t<\/div>\n\t\t\t\t\t<\/div>\n\t\t<\/div>\n\t\t\t\t\t<\/div>\n\t\t<\/section>\n\t\t\t\t<\/div>\n\t\t","protected":false},"excerpt":{"rendered":"<p>Rattanm\u00f6bel haben eine reiche und faszinierende Geschichte, die sich \u00fcber Jahrhunderte erstreckt. Die Verwendung von Rattan, einer wein\u00e4hnlichen Palme, in M\u00f6beln l\u00e4sst sich bis in die antiken Zivilisationen zur\u00fcckverfolgen, wo es wegen seiner nat\u00fcrlichen Sch\u00f6nheit und Flexibilit\u00e4t gesch\u00e4tzt wurde. Der Beginn der Geschichte nat\u00fcrlicher Rattanm\u00f6bel, die mit meisterhafter Handwerkskunst hergestellt wurden, l\u00e4sst sich bis ins [&hellip;]<\/p>\n","protected":false},"author":1,"featured_media":0,"parent":0,"menu_order":0,"comment_status":"closed","ping_status":"closed","template":"","meta":{"_seopress_robots_primary_cat":"","_seopress_titles_title":"","_seopress_titles_desc":"","_seopress_robots_index":"","_eb_attr":"","footnotes":""},"class_list":["post-10965","page","type-page","status-publish","hentry"],"jetpack-related-posts":[],"jetpack_sharing_enabled":true,"_links":{"self":[{"href":"https:\/\/rattaneo.com\/de\/wp-json\/wp\/v2\/pages\/10965","targetHints":{"allow":["GET"]}}],"collection":[{"href":"https:\/\/rattaneo.com\/de\/wp-json\/wp\/v2\/pages"}],"about":[{"href":"https:\/\/rattaneo.com\/de\/wp-json\/wp\/v2\/types\/page"}],"author":[{"embeddable":true,"href":"https:\/\/rattaneo.com\/de\/wp-json\/wp\/v2\/users\/1"}],"replies":[{"embeddable":true,"href":"https:\/\/rattaneo.com\/de\/wp-json\/wp\/v2\/comments?post=10965"}],"version-history":[{"count":1,"href":"https:\/\/rattaneo.com\/de\/wp-json\/wp\/v2\/pages\/10965\/revisions"}],"predecessor-version":[{"id":10966,"href":"https:\/\/rattaneo.com\/de\/wp-json\/wp\/v2\/pages\/10965\/revisions\/10966"}],"wp:attachment":[{"href":"https:\/\/rattaneo.com\/de\/wp-json\/wp\/v2\/media?parent=10965"}],"curies":[{"name":"wp","href":"https:\/\/api.w.org\/{rel}","templated":true}]}}