{"id":10967,"date":"2022-01-11T13:49:57","date_gmt":"2022-01-11T13:49:57","guid":{"rendered":"https:\/\/rattaneo.com\/entdecken-sie-die-welt-von-rattaneo-ausergewohnliche-rattan-mobel-erwarten-sie\/"},"modified":"2025-01-04T22:07:23","modified_gmt":"2025-01-04T22:07:23","slug":"entdecken-sie-die-welt-von-rattaneo-ausergewohnliche-rattan-mobel-erwarten-sie","status":"publish","type":"page","link":"https:\/\/rattaneo.com\/de\/entdecken-sie-die-welt-von-rattaneo-ausergewohnliche-rattan-mobel-erwarten-sie\/","title":{"rendered":"Entdecken Sie die Welt von RattaNeo &#8211; Au\u00dfergew\u00f6hnliche Rattan-M\u00f6bel erwarten Sie!"},"content":{"rendered":"\n<p>RattaNeo wurde am 18. Mai 2020 gegr\u00fcndet und ist ein neues Unternehmen, das sich der Herstellung innovativer Produkte unter Ber\u00fccksichtigung gesellschaftlicher Bed\u00fcrfnisse verschrieben hat.\nUnsere Produkte werden auf unseren Wunsch hin sorgf\u00e4ltig in etablierten <a href=\"https:\/\/en.wikipedia.org\/wiki\/Indonesia\" title=\"\">indonesischen <\/a>Fabriken hergestellt. <\/p>\n\n<p><\/p>\n\n<p>Unsere auf <a href=\"http:\/\/rattaneo.com\" title=\"\">RattaNeo.com<\/a> erh\u00e4ltlichen M\u00f6beldesigns reichen von eigenen Entw\u00fcrfen bis hin zu solchen, die auf abgelaufenen oder EU-exklusiven Designs von Designern basieren.\nJedes M\u00f6belst\u00fcck wird in sorgf\u00e4ltiger Handarbeit hergestellt, um eine Pr\u00e4zision zu gew\u00e4hrleisten, die \u00fcber industrielle Produktionsstandards hinausgeht.\nAuf unserer Website finden Sie Referenzfotos zu jedem Produkt.  <\/p>\n\n<p><\/p>\n\n<figure class=\"wp-block-image size-large\"><img data-dominant-color=\"f1f2f2\" data-has-transparency=\"false\" style=\"--dominant-color: #f1f2f2;\" fetchpriority=\"high\" decoding=\"async\" width=\"1024\" height=\"730\" sizes=\"(max-width: 1024px) 100vw, 1024px\" src=\"https:\/\/rattaneo.com\/wp-content\/uploads\/2023\/03\/2023-03-18_20h59_41-1024x730.webp\" alt=\"RattaNeo\" class=\"wp-image-5366 not-transparent\" srcset=\"https:\/\/rattaneo.com\/wp-content\/uploads\/2023\/03\/2023-03-18_20h59_41-1024x730.webp 1024w, https:\/\/rattaneo.com\/wp-content\/uploads\/2023\/03\/2023-03-18_20h59_41-300x214.webp 300w, https:\/\/rattaneo.com\/wp-content\/uploads\/2023\/03\/2023-03-18_20h59_41-768x548.webp 768w, https:\/\/rattaneo.com\/wp-content\/uploads\/2023\/03\/2023-03-18_20h59_41-600x428.webp 600w, https:\/\/rattaneo.com\/wp-content\/uploads\/2023\/03\/2023-03-18_20h59_41.webp 1161w\" \/><figcaption class=\"wp-element-caption\"><strong>Der Wissenschafts- und Technologiepark Sosnowiec  <\/strong><\/figcaption><\/figure>\n\n<p>&#8222;RattaNeo Sp. z o.o.&#8220;<\/p>\n\n<p>Wojska Polskiego 8  <\/p>\n\n<p>41-208 Sosnowiec<\/p>\n\n<p>Polen Europ\u00e4ische Union<\/p>\n\n<p>Firmenregistrierungsnummer: 0000841892<\/p>\n\n<p>Umsatzsteuer-Nr.: PL6443554338<\/p>\n\n<p><\/p>\n","protected":false},"excerpt":{"rendered":"<p>RattaNeo wurde am 18. Mai 2020 gegr\u00fcndet und ist ein neues Unternehmen, das sich der Herstellung innovativer Produkte unter Ber\u00fccksichtigung gesellschaftlicher Bed\u00fcrfnisse verschrieben hat. Unsere Produkte werden auf unseren Wunsch hin sorgf\u00e4ltig in etablierten indonesischen Fabriken hergestellt. Unsere auf RattaNeo.com erh\u00e4ltlichen M\u00f6beldesigns reichen von eigenen Entw\u00fcrfen bis hin zu solchen, die auf abgelaufenen oder EU-exklusiven [&hellip;]<\/p>\n","protected":false},"author":1,"featured_media":0,"parent":0,"menu_order":0,"comment_status":"closed","ping_status":"closed","template":"","meta":{"_seopress_robots_primary_cat":"","_seopress_titles_title":"","_seopress_titles_desc":"","_seopress_robots_index":"","_eb_attr":"","footnotes":""},"class_list":["post-10967","page","type-page","status-publish","hentry"],"jetpack-related-posts":[],"jetpack_sharing_enabled":true,"_links":{"self":[{"href":"https:\/\/rattaneo.com\/de\/wp-json\/wp\/v2\/pages\/10967","targetHints":{"allow":["GET"]}}],"collection":[{"href":"https:\/\/rattaneo.com\/de\/wp-json\/wp\/v2\/pages"}],"about":[{"href":"https:\/\/rattaneo.com\/de\/wp-json\/wp\/v2\/types\/page"}],"author":[{"embeddable":true,"href":"https:\/\/rattaneo.com\/de\/wp-json\/wp\/v2\/users\/1"}],"replies":[{"embeddable":true,"href":"https:\/\/rattaneo.com\/de\/wp-json\/wp\/v2\/comments?post=10967"}],"version-history":[{"count":3,"href":"https:\/\/rattaneo.com\/de\/wp-json\/wp\/v2\/pages\/10967\/revisions"}],"predecessor-version":[{"id":11098,"href":"https:\/\/rattaneo.com\/de\/wp-json\/wp\/v2\/pages\/10967\/revisions\/11098"}],"wp:attachment":[{"href":"https:\/\/rattaneo.com\/de\/wp-json\/wp\/v2\/media?parent=10967"}],"curies":[{"name":"wp","href":"https:\/\/api.w.org\/{rel}","templated":true}]}}