{"id":10991,"date":"2023-03-17T12:06:53","date_gmt":"2023-03-17T12:06:53","guid":{"rendered":"https:\/\/rattaneo.com\/versand\/"},"modified":"2024-07-30T10:34:38","modified_gmt":"2024-07-30T10:34:38","slug":"versand","status":"publish","type":"page","link":"https:\/\/rattaneo.com\/de\/versand\/","title":{"rendered":"Versand"},"content":{"rendered":"\n<p>RattaNeo.com ist Ihr Traum f\u00fcr M\u00f6bel und Wohnaccessoires.\nDer Online-Shop RattaNeo.com realisiert in Zusammenarbeit mit DHL, DPD und anderen Kurierdiensten oder mit eigenem Transport.<br\/>Versand des gesamten Sortiments gilt f\u00fcr Standorte in Polen und Deutschland.\nF\u00fcr Polen gibt es eine kostenlose Versandoption und eine kostenpflichtige Version, die zus\u00e4tzliche Lieferdienste beinhaltet.\nBeim Versand nach Deutschland sind alle Versandoptionen kostenpflichtig, und die Kosten h\u00e4ngen vom jeweiligen Produkt ab und werden w\u00e4hrend des Bestellvorgangs angegeben.<br\/>Der Versand des ausgew\u00e4hlten Sortiments erfolgt nacheinander in die ausgew\u00e4hlten L\u00e4nder: Tschechien, Slowakei, Rum\u00e4nien, Norwegen, Niederlande, Ungarn, \u00d6sterreich, Frankreich.   <\/p>\n\n<p>Es ist m\u00f6glich, Produkte, die normalerweise nicht in die oben genannten L\u00e4nder versandt werden, oder in andere als die aufgef\u00fchrten L\u00e4nder zu versenden. Die Kosten daf\u00fcr werden individuell festgelegt, indem Sie eine Anfrage an office@rattaneo.com senden.<\/p>\n\n<p>Die meisten Bestellungen werden sofort, innerhalb weniger Tage nach Zahlungseingang, bearbeitet.\nDie maximale Vorlaufzeit betr\u00e4gt 21 Tage, und bei ma\u00dfgefertigten M\u00f6beln kann sich die Vorlaufzeit auf 70 Tage verl\u00e4ngern.\nDie Vorlaufzeit wird ab dem Tag berechnet, an dem RattaNeo Sp.z o.o. die Zahlungsbest\u00e4tigung des Kunden erh\u00e4lt.\nDie Sendungen werden von Montag bis Freitag versandt, au\u00dfer an Feiertagen.   <\/p>\n","protected":false},"excerpt":{"rendered":"<p>RattaNeo.com ist Ihr Traum f\u00fcr M\u00f6bel und Wohnaccessoires. Der Online-Shop RattaNeo.com realisiert in Zusammenarbeit mit DHL, DPD und anderen Kurierdiensten oder mit eigenem Transport.Versand des gesamten Sortiments gilt f\u00fcr Standorte in Polen und Deutschland. F\u00fcr Polen gibt es eine kostenlose Versandoption und eine kostenpflichtige Version, die zus\u00e4tzliche Lieferdienste beinhaltet. Beim Versand nach Deutschland sind alle [&hellip;]<\/p>\n","protected":false},"author":1,"featured_media":0,"parent":0,"menu_order":0,"comment_status":"closed","ping_status":"closed","template":"","meta":{"_seopress_robots_primary_cat":"","_seopress_titles_title":"","_seopress_titles_desc":"","_seopress_robots_index":"","_eb_attr":"","footnotes":""},"class_list":["post-10991","page","type-page","status-publish","hentry"],"jetpack-related-posts":[],"jetpack_sharing_enabled":true,"_links":{"self":[{"href":"https:\/\/rattaneo.com\/de\/wp-json\/wp\/v2\/pages\/10991","targetHints":{"allow":["GET"]}}],"collection":[{"href":"https:\/\/rattaneo.com\/de\/wp-json\/wp\/v2\/pages"}],"about":[{"href":"https:\/\/rattaneo.com\/de\/wp-json\/wp\/v2\/types\/page"}],"author":[{"embeddable":true,"href":"https:\/\/rattaneo.com\/de\/wp-json\/wp\/v2\/users\/1"}],"replies":[{"embeddable":true,"href":"https:\/\/rattaneo.com\/de\/wp-json\/wp\/v2\/comments?post=10991"}],"version-history":[{"count":1,"href":"https:\/\/rattaneo.com\/de\/wp-json\/wp\/v2\/pages\/10991\/revisions"}],"predecessor-version":[{"id":10992,"href":"https:\/\/rattaneo.com\/de\/wp-json\/wp\/v2\/pages\/10991\/revisions\/10992"}],"wp:attachment":[{"href":"https:\/\/rattaneo.com\/de\/wp-json\/wp\/v2\/media?parent=10991"}],"curies":[{"name":"wp","href":"https:\/\/api.w.org\/{rel}","templated":true}]}}