{"id":6978,"date":"2023-03-17T12:57:07","date_gmt":"2023-03-17T12:57:07","guid":{"rendered":"https:\/\/rattaneo.com\/product\/rattaneo-emerald-f115-sessel-cognac-rattan-natur-rattansessel\/"},"modified":"2025-03-10T19:40:45","modified_gmt":"2025-03-10T18:40:45","slug":"rattaneo-emerald-f115-sessel-cognac-rattan-natural-rattan-sessel","status":"publish","type":"product","link":"https:\/\/rattaneo.com\/de\/shop\/rattaneo-emerald-f115-sessel-cognac-rattan-natural-rattan-sessel\/","title":{"rendered":"RattaNeo Emerald f115 Sessel cognac Rattan natur &#8211; Rattansessel"},"content":{"rendered":"<p>Dieser klassische Rattan-Armlehnstuhl besteht aus cognacfarbenem Rattan und verf\u00fcgt \u00fcber einen von RattaNeo gebrandeten Sitz mit akribischer Aufmerksamkeit f\u00fcr Details. Das 3 mm starke Flechtwerk, die doppelte Armlehne <a href=\"https:\/\/en.wikipedia.org\/wiki\/Rattan\">aus nat\u00fcrlichem Rattan<\/a> und die verst\u00e4rkte Konstruktion gew\u00e4hrleisten eine lange Lebensdauer.<\/p>\n<p>Dieses M\u00f6belst\u00fcck eignet sich perfekt f\u00fcr den Einsatz im Esszimmer, da die Sitzh\u00f6he (45 cm) es erm\u00f6glicht, die St\u00fchle am Esstisch zu verwenden. Die <a href=\"https:\/\/rattaneo.com\/?s=emerald\">RattaNeo Emerald<\/a> Armlehnst\u00fchle sind nicht nur bequem, sondern auch leicht und stapelbar.<\/p>\n<p><a href=\"https:\/\/rattaneo.com\/wp-content\/uploads\/2023\/05\/RattaNeo-Emerald-f116.jpg\"><img fetchpriority=\"high\" decoding=\"async\" class=\"alignnone wp-image-6608 size-medium\" src=\"https:\/\/rattaneo.com\/wp-content\/uploads\/2023\/05\/RattaNeo-Emerald-f116-300x300.jpg\" alt=\"RattaNeo Emerald f115 Sessel cognac Rattan natur - Rattansessel\" width=\"300\" height=\"300\" srcset=\"https:\/\/rattaneo.com\/wp-content\/uploads\/2023\/05\/RattaNeo-Emerald-f116-300x300.jpg 300w, https:\/\/rattaneo.com\/wp-content\/uploads\/2023\/05\/RattaNeo-Emerald-f116-150x150.jpg 150w, https:\/\/rattaneo.com\/wp-content\/uploads\/2023\/05\/RattaNeo-Emerald-f116-768x768.jpg 768w, https:\/\/rattaneo.com\/wp-content\/uploads\/2023\/05\/RattaNeo-Emerald-f116-600x600.jpg 600w, https:\/\/rattaneo.com\/wp-content\/uploads\/2023\/05\/RattaNeo-Emerald-f116-100x100.jpg 100w, https:\/\/rattaneo.com\/wp-content\/uploads\/2023\/05\/RattaNeo-Emerald-f116-450x450.jpg 450w, https:\/\/rattaneo.com\/wp-content\/uploads\/2023\/05\/RattaNeo-Emerald-f116.jpg 1000w\" sizes=\"(max-width: 300px) 100vw, 300px\" \/><\/a><\/p>\n","protected":false},"excerpt":{"rendered":"<p>Dieser klassische Rattan-Armlehnstuhl besteht aus cognacfarbenem Rattan und verf\u00fcgt \u00fcber einen von RattaNeo gebrandeten Sitz mit akribischer Aufmerksamkeit f\u00fcr Details. Das 3 mm starke Flechtwerk, die doppelte Armlehne aus nat\u00fcrlichem Rattan und die verst\u00e4rkte Konstruktion gew\u00e4hrleisten eine lange Lebensdauer. Dieses M\u00f6belst\u00fcck eignet sich perfekt f\u00fcr den Einsatz im Esszimmer, da die Sitzh\u00f6he (45 cm) es [&hellip;]<\/p>\n","protected":false},"featured_media":6979,"template":"","meta":{"_seopress_robots_primary_cat":"","_seopress_titles_title":"","_seopress_titles_desc":"","_seopress_robots_index":"","_eb_attr":""},"pwb-brand":[],"product_brand":[],"product_cat":[794],"product_tag":[],"class_list":{"0":"post-6978","1":"product","2":"type-product","3":"status-publish","4":"has-post-thumbnail","6":"product_cat-sessel","7":"product_shipping_class-standard-big-05m-de","9":"first","10":"outofstock","11":"taxable","12":"shipping-taxable","13":"purchasable","14":"product-type-simple"},"jetpack-related-posts":[],"jetpack_sharing_enabled":true,"brands":[],"_links":{"self":[{"href":"https:\/\/rattaneo.com\/de\/wp-json\/wp\/v2\/product\/6978","targetHints":{"allow":["GET"]}}],"collection":[{"href":"https:\/\/rattaneo.com\/de\/wp-json\/wp\/v2\/product"}],"about":[{"href":"https:\/\/rattaneo.com\/de\/wp-json\/wp\/v2\/types\/product"}],"version-history":[{"count":1,"href":"https:\/\/rattaneo.com\/de\/wp-json\/wp\/v2\/product\/6978\/revisions"}],"predecessor-version":[{"id":11157,"href":"https:\/\/rattaneo.com\/de\/wp-json\/wp\/v2\/product\/6978\/revisions\/11157"}],"wp:featuredmedia":[{"embeddable":true,"href":"https:\/\/rattaneo.com\/de\/wp-json\/wp\/v2\/media\/6979"}],"wp:attachment":[{"href":"https:\/\/rattaneo.com\/de\/wp-json\/wp\/v2\/media?parent=6978"}],"wp:term":[{"taxonomy":"pwb-brand","embeddable":true,"href":"https:\/\/rattaneo.com\/de\/wp-json\/wp\/v2\/pwb-brand?post=6978"},{"taxonomy":"product_brand","embeddable":true,"href":"https:\/\/rattaneo.com\/de\/wp-json\/wp\/v2\/product_brand?post=6978"},{"taxonomy":"product_cat","embeddable":true,"href":"https:\/\/rattaneo.com\/de\/wp-json\/wp\/v2\/product_cat?post=6978"},{"taxonomy":"product_tag","embeddable":true,"href":"https:\/\/rattaneo.com\/de\/wp-json\/wp\/v2\/product_tag?post=6978"}],"curies":[{"name":"wp","href":"https:\/\/api.w.org\/{rel}","templated":true}]}}