{"id":8941,"date":"2023-03-17T12:57:06","date_gmt":"2023-03-17T12:57:06","guid":{"rendered":"https:\/\/rattaneo.com\/product\/rattaneo-emerald-f114-sessel-honig-rattan-natur-rattansessel\/"},"modified":"2025-01-08T08:01:10","modified_gmt":"2025-01-08T08:01:10","slug":"rattaneo-emerald-f114-sessel-honig-rattan-naturlich-rattan-sessel","status":"publish","type":"product","link":"https:\/\/rattaneo.com\/de\/shop\/rattaneo-emerald-f114-sessel-honig-rattan-naturlich-rattan-sessel\/","title":{"rendered":"RattaNeo Emerald f114 Sessel Honig Rattan natur &#8211; Rattansessel"},"content":{"rendered":"<p>Ein klassischer Rattan-Armlehnstuhl mit RattaNeo-Markensitz, hergestellt mit gr\u00f6\u00dfter Aufmerksamkeit f\u00fcr Details. Das 3mm geflochtene Gewebe, der doppelte Rattan-Natur-Palmstiel-Armlehnen und die verst\u00e4rkte Konstruktion sorgen f\u00fcr eine lang anhaltende Nutzungsdauer.<\/p>\n<p>Das M\u00f6belst\u00fcck eignet sich f\u00fcr den Einsatz im Esszimmer &#8211; die Sitzh\u00f6he (45cm) erm\u00f6glicht es, die St\u00fchle am Esstisch zu verwenden.<\/p>\n<p>Die Emerald-Sessel sind sehr bequem, leicht und stapelbar.<\/p>\n","protected":false},"excerpt":{"rendered":"<p>Ein klassischer Rattan-Armlehnstuhl mit RattaNeo-Markensitz, hergestellt mit gr\u00f6\u00dfter Aufmerksamkeit f\u00fcr Details. Das 3mm geflochtene Gewebe, der doppelte Rattan-Natur-Palmstiel-Armlehnen und die verst\u00e4rkte Konstruktion sorgen f\u00fcr eine lang anhaltende Nutzungsdauer. Das M\u00f6belst\u00fcck eignet sich f\u00fcr den Einsatz im Esszimmer &#8211; die Sitzh\u00f6he (45cm) erm\u00f6glicht es, die St\u00fchle am Esstisch zu verwenden. Die Emerald-Sessel sind sehr bequem, leicht [&hellip;]<\/p>\n","protected":false},"featured_media":8131,"template":"","meta":{"_seopress_robots_primary_cat":"","_seopress_titles_title":"","_seopress_titles_desc":"","_seopress_robots_index":"","_eb_attr":""},"pwb-brand":[],"product_brand":[],"product_cat":[794],"product_tag":[],"class_list":{"0":"post-8941","1":"product","2":"type-product","3":"status-publish","4":"has-post-thumbnail","6":"product_cat-sessel","8":"first","9":"outofstock","10":"taxable","11":"shipping-taxable","12":"purchasable","13":"product-type-simple"},"jetpack-related-posts":[],"jetpack_sharing_enabled":true,"brands":[],"_links":{"self":[{"href":"https:\/\/rattaneo.com\/de\/wp-json\/wp\/v2\/product\/8941","targetHints":{"allow":["GET"]}}],"collection":[{"href":"https:\/\/rattaneo.com\/de\/wp-json\/wp\/v2\/product"}],"about":[{"href":"https:\/\/rattaneo.com\/de\/wp-json\/wp\/v2\/types\/product"}],"version-history":[{"count":1,"href":"https:\/\/rattaneo.com\/de\/wp-json\/wp\/v2\/product\/8941\/revisions"}],"predecessor-version":[{"id":11158,"href":"https:\/\/rattaneo.com\/de\/wp-json\/wp\/v2\/product\/8941\/revisions\/11158"}],"wp:featuredmedia":[{"embeddable":true,"href":"https:\/\/rattaneo.com\/de\/wp-json\/wp\/v2\/media\/8131"}],"wp:attachment":[{"href":"https:\/\/rattaneo.com\/de\/wp-json\/wp\/v2\/media?parent=8941"}],"wp:term":[{"taxonomy":"pwb-brand","embeddable":true,"href":"https:\/\/rattaneo.com\/de\/wp-json\/wp\/v2\/pwb-brand?post=8941"},{"taxonomy":"product_brand","embeddable":true,"href":"https:\/\/rattaneo.com\/de\/wp-json\/wp\/v2\/product_brand?post=8941"},{"taxonomy":"product_cat","embeddable":true,"href":"https:\/\/rattaneo.com\/de\/wp-json\/wp\/v2\/product_cat?post=8941"},{"taxonomy":"product_tag","embeddable":true,"href":"https:\/\/rattaneo.com\/de\/wp-json\/wp\/v2\/product_tag?post=8941"}],"curies":[{"name":"wp","href":"https:\/\/api.w.org\/{rel}","templated":true}]}}