{"id":8999,"date":"2022-01-11T13:49:57","date_gmt":"2022-01-11T13:49:57","guid":{"rendered":"https:\/\/rattaneo.com\/o-rattaneo\/"},"modified":"2025-01-04T22:07:05","modified_gmt":"2025-01-04T22:07:05","slug":"o-rattaneo","status":"publish","type":"page","link":"https:\/\/rattaneo.com\/pl\/o-rattaneo\/","title":{"rendered":"Odkryj \u015bwiat RattaNeo &#8211; wyj\u0105tkowe meble z rattanu czekaj\u0105 na Ciebie!"},"content":{"rendered":"\n<p>Za\u0142o\u017cona 18 maja 2020 roku firma RattaNeo to nowa firma, kt\u00f3ra po\u015bwi\u0119ca si\u0119 tworzeniu innowacyjnych produkt\u00f3w, bior\u0105c pod uwag\u0119 potrzeby spo\u0142eczne.\nNasze produkty s\u0105 starannie wytwarzane na zam\u00f3wienie w sprawdzonych <a href=\"https:\/\/en.wikipedia.org\/wiki\/Indonesia\" title=\"\">indonezyjskich<\/a> fabrykach. <\/p>\n\n<p><\/p>\n\n<p>Nasze wzory mebli dost\u0119pne na stronie <a href=\"http:\/\/rattaneo.com\" title=\"\">RattaNeo.com<\/a> obejmuj\u0105 szeroki zakres &#8211; od projekt\u00f3w w\u0142asnych po te oparte na wygas\u0142ych lub ekskluzywnych wzorach dostarczonych przez projektant\u00f3w z UE. Ka\u017cdy mebel jest starannie r\u0119cznie wykonywany, zapewniaj\u0105c precyzj\u0119 przekraczaj\u0105c\u0105 standardy produkcji przemys\u0142owej. Na naszej stronie internetowej znajduj\u0105 si\u0119 zdj\u0119cia odniesienia do ka\u017cdego produktu.<\/p>\n\n<p><\/p>\n\n<figure class=\"wp-block-image size-large\"><img data-dominant-color=\"f1f2f2\" data-has-transparency=\"false\" style=\"--dominant-color: #f1f2f2;\" fetchpriority=\"high\" decoding=\"async\" width=\"1024\" height=\"730\" sizes=\"(max-width: 1024px) 100vw, 1024px\" src=\"https:\/\/rattaneo.com\/wp-content\/uploads\/2023\/03\/2023-03-18_20h59_41-1024x730.webp\" alt=\"RattaNeo\" class=\"wp-image-5366 not-transparent\" srcset=\"https:\/\/rattaneo.com\/wp-content\/uploads\/2023\/03\/2023-03-18_20h59_41-1024x730.webp 1024w, https:\/\/rattaneo.com\/wp-content\/uploads\/2023\/03\/2023-03-18_20h59_41-300x214.webp 300w, https:\/\/rattaneo.com\/wp-content\/uploads\/2023\/03\/2023-03-18_20h59_41-768x548.webp 768w, https:\/\/rattaneo.com\/wp-content\/uploads\/2023\/03\/2023-03-18_20h59_41-600x428.webp 600w, https:\/\/rattaneo.com\/wp-content\/uploads\/2023\/03\/2023-03-18_20h59_41.webp 1161w\" \/><figcaption class=\"wp-element-caption\"><strong>Sosnowiecki Park Naukowo-Technologiczny <\/strong><\/figcaption><\/figure>\n\n<p>&#8222;RattaNeo Sp. z o.o.&#8221;<\/p>\n\n<p>Wojska Polskiego 8 <\/p>\n\n<p>41-208 Sosnowiec<\/p>\n\n<p>Poland European Union<\/p>\n\n<p>Nr rejestracyjny sp\u00f3\u0142ki: 0000841892<\/p>\n\n<p>VAT no.: PL6443554338<\/p>\n\n<p><\/p>\n","protected":false},"excerpt":{"rendered":"<p>Za\u0142o\u017cona 18 maja 2020 roku firma RattaNeo to nowa firma, kt\u00f3ra po\u015bwi\u0119ca si\u0119 tworzeniu innowacyjnych produkt\u00f3w, bior\u0105c pod uwag\u0119 potrzeby spo\u0142eczne. Nasze produkty s\u0105 starannie wytwarzane na zam\u00f3wienie w sprawdzonych indonezyjskich fabrykach. Nasze wzory mebli dost\u0119pne na stronie RattaNeo.com obejmuj\u0105 szeroki zakres &#8211; od projekt\u00f3w w\u0142asnych po te oparte na wygas\u0142ych lub ekskluzywnych wzorach dostarczonych [&hellip;]<\/p>\n","protected":false},"author":1,"featured_media":3505,"parent":0,"menu_order":0,"comment_status":"closed","ping_status":"closed","template":"","meta":{"_seopress_robots_primary_cat":"","_seopress_titles_title":"","_seopress_titles_desc":"","_seopress_robots_index":"","_eb_attr":"","footnotes":""},"class_list":["post-8999","page","type-page","status-publish","has-post-thumbnail","hentry"],"jetpack-related-posts":[],"jetpack_sharing_enabled":true,"_links":{"self":[{"href":"https:\/\/rattaneo.com\/pl\/wp-json\/wp\/v2\/pages\/8999","targetHints":{"allow":["GET"]}}],"collection":[{"href":"https:\/\/rattaneo.com\/pl\/wp-json\/wp\/v2\/pages"}],"about":[{"href":"https:\/\/rattaneo.com\/pl\/wp-json\/wp\/v2\/types\/page"}],"author":[{"embeddable":true,"href":"https:\/\/rattaneo.com\/pl\/wp-json\/wp\/v2\/users\/1"}],"replies":[{"embeddable":true,"href":"https:\/\/rattaneo.com\/pl\/wp-json\/wp\/v2\/comments?post=8999"}],"version-history":[{"count":6,"href":"https:\/\/rattaneo.com\/pl\/wp-json\/wp\/v2\/pages\/8999\/revisions"}],"predecessor-version":[{"id":11096,"href":"https:\/\/rattaneo.com\/pl\/wp-json\/wp\/v2\/pages\/8999\/revisions\/11096"}],"wp:featuredmedia":[{"embeddable":true,"href":"https:\/\/rattaneo.com\/pl\/wp-json\/wp\/v2\/media\/3505"}],"wp:attachment":[{"href":"https:\/\/rattaneo.com\/pl\/wp-json\/wp\/v2\/media?parent=8999"}],"curies":[{"name":"wp","href":"https:\/\/api.w.org\/{rel}","templated":true}]}}