{"id":9001,"date":"2021-05-22T08:56:50","date_gmt":"2021-05-22T08:56:50","guid":{"rendered":"https:\/\/rattaneo.com\/certyfikat-oryginalnosci-rattaneo\/"},"modified":"2023-06-29T06:23:54","modified_gmt":"2023-06-29T06:23:54","slug":"certyfikat-oryginalnosci-rattaneo","status":"publish","type":"page","link":"https:\/\/rattaneo.com\/pl\/certyfikat-oryginalnosci-rattaneo\/","title":{"rendered":"Certyfikat oryginalno\u015bci RattaNeo"},"content":{"rendered":"\n<p class=\"has-text-align-center has-large-font-size\">Aby zagwarantowa\u0107 wysok\u0105 jako\u015b\u0107 naszych mebli, ka\u017cdy produkt przechodzi dok\u0142adn\u0105 kontrol\u0119 przed sprzeda\u017c\u0105, a nast\u0119pnie jest oznaczony znakiem jako\u015bci RattaNeo.<\/p>\n\n<div style=\"height:100px\" aria-hidden=\"true\" class=\"wp-block-spacer\"><\/div>\n\n<figure class=\"wp-block-image aligncenter size-large\"><img decoding=\"async\" src=\"http:\/\/rattaneo.com\/wp-content\/uploads\/2021\/05\/Ratta-Neo-PL_2021-04-22_021-Gold_15x23_TF-Gold-DNo_v2.gif\" alt=\"RattaNeo\" class=\"wp-image-89\"\/><\/figure>\n<div style=\"height:100px\" aria-hidden=\"true\" class=\"wp-block-spacer\"><\/div>\n\n<p class=\"has-text-align-center has-large-font-size\">Na hologramie znajduje si\u0119 indywidualny numer, kt\u00f3ry jest przechowywany w naszej bazie danych gwarantowanych produkt\u00f3w.<\/p>\n","protected":false},"excerpt":{"rendered":"<p>Aby zagwarantowa\u0107 wysok\u0105 jako\u015b\u0107 naszych mebli, ka\u017cdy produkt przechodzi dok\u0142adn\u0105 kontrol\u0119 przed sprzeda\u017c\u0105, a nast\u0119pnie jest oznaczony znakiem jako\u015bci RattaNeo. Na hologramie znajduje si\u0119 indywidualny numer, kt\u00f3ry jest przechowywany w naszej bazie danych gwarantowanych produkt\u00f3w.<\/p>\n","protected":false},"author":1,"featured_media":3493,"parent":0,"menu_order":0,"comment_status":"closed","ping_status":"closed","template":"","meta":{"_seopress_robots_primary_cat":"","_seopress_titles_title":"","_seopress_titles_desc":"","_seopress_robots_index":"","_eb_attr":"","footnotes":""},"class_list":["post-9001","page","type-page","status-publish","has-post-thumbnail","hentry"],"jetpack-related-posts":[],"jetpack_sharing_enabled":true,"_links":{"self":[{"href":"https:\/\/rattaneo.com\/pl\/wp-json\/wp\/v2\/pages\/9001","targetHints":{"allow":["GET"]}}],"collection":[{"href":"https:\/\/rattaneo.com\/pl\/wp-json\/wp\/v2\/pages"}],"about":[{"href":"https:\/\/rattaneo.com\/pl\/wp-json\/wp\/v2\/types\/page"}],"author":[{"embeddable":true,"href":"https:\/\/rattaneo.com\/pl\/wp-json\/wp\/v2\/users\/1"}],"replies":[{"embeddable":true,"href":"https:\/\/rattaneo.com\/pl\/wp-json\/wp\/v2\/comments?post=9001"}],"version-history":[{"count":1,"href":"https:\/\/rattaneo.com\/pl\/wp-json\/wp\/v2\/pages\/9001\/revisions"}],"predecessor-version":[{"id":9002,"href":"https:\/\/rattaneo.com\/pl\/wp-json\/wp\/v2\/pages\/9001\/revisions\/9002"}],"wp:featuredmedia":[{"embeddable":true,"href":"https:\/\/rattaneo.com\/pl\/wp-json\/wp\/v2\/media\/3493"}],"wp:attachment":[{"href":"https:\/\/rattaneo.com\/pl\/wp-json\/wp\/v2\/media?parent=9001"}],"curies":[{"name":"wp","href":"https:\/\/api.w.org\/{rel}","templated":true}]}}