{"id":9004,"date":"2021-05-22T07:25:09","date_gmt":"2021-05-22T07:25:09","guid":{"rendered":"https:\/\/rattaneo.com\/zdrowe-wnetrza-rattaneo\/"},"modified":"2024-07-29T11:59:23","modified_gmt":"2024-07-29T11:59:23","slug":"zdrowe-wnetrza-rattaneo","status":"publish","type":"page","link":"https:\/\/rattaneo.com\/pl\/zdrowe-wnetrza-rattaneo\/","title":{"rendered":"Odkryj unikalne meble rattanowe RattaNeo"},"content":{"rendered":"\n<figure class=\"wp-block-video\"><video controls=\"\" src=\"http:\/\/rattaneo.com\/wp-content\/uploads\/2021\/05\/My-Post-1.mp4\"><\/video><\/figure>\n\n<div style=\"height:100px\" aria-hidden=\"true\" class=\"wp-block-spacer\"><\/div>\n\n<p class=\"has-large-font-size\">Zdrowe wn\u0119trze dla Ciebie to najlepsze miejsce dla mebli RattaNeo:<\/p>\n\n<ul class=\"wp-block-list\">\n<li>chro\u0144 si\u0119 przed nadmiernym nas\u0142onecznieniem<\/li>\n\n\n\n<li>utrzymywa\u0107 wilgotno\u015b\u0107 na poziomie 40-70%<\/li>\n\n\n\n<li>najlepsza temperatura to 15 &#8211; 30 <sup>oC<\/sup><\/li>\n<\/ul>\n\n<div style=\"height:100px\" aria-hidden=\"true\" class=\"wp-block-spacer\"><\/div>\n\n<figure class=\"wp-block-image size-large is-style-default\"><img decoding=\"async\" src=\"http:\/\/rattaneo.com\/wp-content\/uploads\/2021\/05\/My-Post-29-768x1024.png\" alt=\"RattaNeo\" class=\"wp-image-75\"\/><\/figure>\n\n<p><\/p>\n","protected":false},"excerpt":{"rendered":"<p>Zdrowe wn\u0119trze dla Ciebie to najlepsze miejsce dla mebli RattaNeo:<\/p>\n","protected":false},"author":1,"featured_media":0,"parent":0,"menu_order":0,"comment_status":"closed","ping_status":"closed","template":"","meta":{"_seopress_robots_primary_cat":"","_seopress_titles_title":"","_seopress_titles_desc":"","_seopress_robots_index":"","_eb_attr":"","footnotes":""},"class_list":["post-9004","page","type-page","status-publish","hentry"],"jetpack-related-posts":[],"jetpack_sharing_enabled":true,"_links":{"self":[{"href":"https:\/\/rattaneo.com\/pl\/wp-json\/wp\/v2\/pages\/9004","targetHints":{"allow":["GET"]}}],"collection":[{"href":"https:\/\/rattaneo.com\/pl\/wp-json\/wp\/v2\/pages"}],"about":[{"href":"https:\/\/rattaneo.com\/pl\/wp-json\/wp\/v2\/types\/page"}],"author":[{"embeddable":true,"href":"https:\/\/rattaneo.com\/pl\/wp-json\/wp\/v2\/users\/1"}],"replies":[{"embeddable":true,"href":"https:\/\/rattaneo.com\/pl\/wp-json\/wp\/v2\/comments?post=9004"}],"version-history":[{"count":4,"href":"https:\/\/rattaneo.com\/pl\/wp-json\/wp\/v2\/pages\/9004\/revisions"}],"predecessor-version":[{"id":10952,"href":"https:\/\/rattaneo.com\/pl\/wp-json\/wp\/v2\/pages\/9004\/revisions\/10952"}],"wp:attachment":[{"href":"https:\/\/rattaneo.com\/pl\/wp-json\/wp\/v2\/media?parent=9004"}],"curies":[{"name":"wp","href":"https:\/\/api.w.org\/{rel}","templated":true}]}}