{"id":9019,"date":"2023-03-17T12:00:24","date_gmt":"2023-03-17T12:00:24","guid":{"rendered":"https:\/\/rattaneo.com\/bezpieczna-platnosc\/"},"modified":"2023-07-01T20:22:02","modified_gmt":"2023-07-01T20:22:02","slug":"bezpieczna-platnosc","status":"publish","type":"page","link":"https:\/\/rattaneo.com\/pl\/bezpieczna-platnosc\/","title":{"rendered":"Bezpieczna p\u0142atno\u015b\u0107"},"content":{"rendered":"\n<p>Bezpieczne p\u0142atno\u015bci obs\u0142ugiwane przez PayPal, Przelewy 24.pl, Giro, WooCommerce P\u0142atno\u015bci oferowane na rattaneo.com.<\/p>\n\n<p>Zaimplementowany protok\u00f3\u0142 bezpiecze\u0144stwa SSL.<\/p>\n","protected":false},"excerpt":{"rendered":"<p>Bezpieczne p\u0142atno\u015bci obs\u0142ugiwane przez PayPal, Przelewy 24.pl, Giro, WooCommerce P\u0142atno\u015bci oferowane na rattaneo.com. Zaimplementowany protok\u00f3\u0142 bezpiecze\u0144stwa SSL.<\/p>\n","protected":false},"author":1,"featured_media":0,"parent":0,"menu_order":0,"comment_status":"closed","ping_status":"closed","template":"","meta":{"_seopress_robots_primary_cat":"","_seopress_titles_title":"","_seopress_titles_desc":"","_seopress_robots_index":"","_eb_attr":"","footnotes":""},"class_list":["post-9019","page","type-page","status-publish","hentry"],"jetpack-related-posts":[],"jetpack_sharing_enabled":true,"_links":{"self":[{"href":"https:\/\/rattaneo.com\/pl\/wp-json\/wp\/v2\/pages\/9019","targetHints":{"allow":["GET"]}}],"collection":[{"href":"https:\/\/rattaneo.com\/pl\/wp-json\/wp\/v2\/pages"}],"about":[{"href":"https:\/\/rattaneo.com\/pl\/wp-json\/wp\/v2\/types\/page"}],"author":[{"embeddable":true,"href":"https:\/\/rattaneo.com\/pl\/wp-json\/wp\/v2\/users\/1"}],"replies":[{"embeddable":true,"href":"https:\/\/rattaneo.com\/pl\/wp-json\/wp\/v2\/comments?post=9019"}],"version-history":[{"count":1,"href":"https:\/\/rattaneo.com\/pl\/wp-json\/wp\/v2\/pages\/9019\/revisions"}],"predecessor-version":[{"id":9020,"href":"https:\/\/rattaneo.com\/pl\/wp-json\/wp\/v2\/pages\/9019\/revisions\/9020"}],"wp:attachment":[{"href":"https:\/\/rattaneo.com\/pl\/wp-json\/wp\/v2\/media?parent=9019"}],"curies":[{"name":"wp","href":"https:\/\/api.w.org\/{rel}","templated":true}]}}