{"id":9021,"date":"2023-03-17T12:06:53","date_gmt":"2023-03-17T12:06:53","guid":{"rendered":"https:\/\/rattaneo.com\/wysylka\/"},"modified":"2023-07-01T20:23:56","modified_gmt":"2023-07-01T20:23:56","slug":"wysylka","status":"publish","type":"page","link":"https:\/\/rattaneo.com\/pl\/wysylka\/","title":{"rendered":"Wysy\u0142ka"},"content":{"rendered":"\n<p>RattaNeo.com to wymarzone meble i akcesoria wyposa\u017cenia wn\u0119trz. Sklep internetowy RattaNeo.com realizuje we wsp\u00f3\u0142pracy m.in. z DHL, DPD i innymi firmami kurierskimi lub w\u0142asnym transportem.<br\/>Wysy\u0142ka ca\u0142ego asortymentu dotyczy lokalizacji w Polsce i Niemczech. W przypadku Polski dost\u0119pna jest opcja darmowej wysy\u0142ki oraz wersja p\u0142atna, kt\u00f3ra obejmuje dodatkowe us\u0142ugi dostawy. W przypadku wysy\u0142ki do Niemiec wszystkie opcje wysy\u0142ki s\u0105 p\u0142atne, a koszt zale\u017cy od konkretnego produktu i jest okre\u015blany podczas procesu sk\u0142adania zam\u00f3wienia.<br\/>Wysy\u0142ka wybranego asortymentu realizowana jest kolejno do wybranych kraj\u00f3w: Czechy, S\u0142owacja, Rumunia, Norwegia, Holandia, W\u0119gry, Austria, Francja.<\/p>\n\n<p>Istnieje mo\u017cliwo\u015b\u0107 wysy\u0142ki produkt\u00f3w, kt\u00f3re standardowo nie s\u0105 wysy\u0142ane do kraj\u00f3w wymienionych powy\u017cej lub innych ni\u017c wymienione, kt\u00f3rej koszt ustalany jest indywidualnie poprzez wys\u0142anie zapytania na adres office@rattaneo.com.<\/p>\n\n<p>Wi\u0119kszo\u015b\u0107 zam\u00f3wie\u0144 jest realizowana natychmiast, w ci\u0105gu kilku dni od otrzymania p\u0142atno\u015bci. Maksymalny czas realizacji wynosi 21 dni, a w przypadku mebli niestandardowych czas realizacji mo\u017ce wyd\u0142u\u017cy\u0107 si\u0119 do 70 dni. Czas realizacji zam\u00f3wienia liczony jest od dnia otrzymania przez RattaNeo Sp. z o.o. potwierdzenia p\u0142atno\u015bci od klienta. Przesy\u0142ki s\u0105 wysy\u0142ane od poniedzia\u0142ku do pi\u0105tku, z wyj\u0105tkiem dni ustawowo wolnych od pracy.<\/p>\n","protected":false},"excerpt":{"rendered":"<p>RattaNeo.com to wymarzone meble i akcesoria wyposa\u017cenia wn\u0119trz. Sklep internetowy RattaNeo.com realizuje we wsp\u00f3\u0142pracy m.in. z DHL, DPD i innymi firmami kurierskimi lub w\u0142asnym transportem.Wysy\u0142ka ca\u0142ego asortymentu dotyczy lokalizacji w Polsce i Niemczech. W przypadku Polski dost\u0119pna jest opcja darmowej wysy\u0142ki oraz wersja p\u0142atna, kt\u00f3ra obejmuje dodatkowe us\u0142ugi dostawy. W przypadku wysy\u0142ki do Niemiec wszystkie [&hellip;]<\/p>\n","protected":false},"author":1,"featured_media":0,"parent":0,"menu_order":0,"comment_status":"closed","ping_status":"closed","template":"","meta":{"_seopress_robots_primary_cat":"","_seopress_titles_title":"","_seopress_titles_desc":"","_seopress_robots_index":"","_eb_attr":"","footnotes":""},"class_list":["post-9021","page","type-page","status-publish","hentry"],"jetpack-related-posts":[],"jetpack_sharing_enabled":true,"_links":{"self":[{"href":"https:\/\/rattaneo.com\/pl\/wp-json\/wp\/v2\/pages\/9021","targetHints":{"allow":["GET"]}}],"collection":[{"href":"https:\/\/rattaneo.com\/pl\/wp-json\/wp\/v2\/pages"}],"about":[{"href":"https:\/\/rattaneo.com\/pl\/wp-json\/wp\/v2\/types\/page"}],"author":[{"embeddable":true,"href":"https:\/\/rattaneo.com\/pl\/wp-json\/wp\/v2\/users\/1"}],"replies":[{"embeddable":true,"href":"https:\/\/rattaneo.com\/pl\/wp-json\/wp\/v2\/comments?post=9021"}],"version-history":[{"count":1,"href":"https:\/\/rattaneo.com\/pl\/wp-json\/wp\/v2\/pages\/9021\/revisions"}],"predecessor-version":[{"id":9022,"href":"https:\/\/rattaneo.com\/pl\/wp-json\/wp\/v2\/pages\/9021\/revisions\/9022"}],"wp:attachment":[{"href":"https:\/\/rattaneo.com\/pl\/wp-json\/wp\/v2\/media?parent=9021"}],"curies":[{"name":"wp","href":"https:\/\/api.w.org\/{rel}","templated":true}]}}