{"id":9130,"date":"2021-05-21T20:55:21","date_gmt":"2021-05-21T20:55:21","guid":{"rendered":"https:\/\/rattaneo.com\/historia-mebli-z-naturalnego-rattanu\/"},"modified":"2023-11-04T11:35:25","modified_gmt":"2023-11-04T11:35:25","slug":"historia-mebli-z-naturalnego-rattanu","status":"publish","type":"page","link":"https:\/\/rattaneo.com\/pl\/historia-mebli-z-naturalnego-rattanu\/","title":{"rendered":"Zapoznaj si\u0119 z wyj\u0105tkow\u0105 histori\u0105 mebli z rattanu."},"content":{"rendered":"\t\t<div data-elementor-type=\"wp-page\" data-elementor-id=\"9130\" class=\"elementor elementor-9130 elementor-45\" data-elementor-post-type=\"page\">\n\t\t\t\t\t\t<section class=\"elementor-section elementor-top-section elementor-element elementor-element-2a557bc6 elementor-section-boxed elementor-section-height-default elementor-section-height-default\" data-id=\"2a557bc6\" data-element_type=\"section\" data-e-type=\"section\">\n\t\t\t\t\t\t<div class=\"elementor-container elementor-column-gap-default\">\n\t\t\t\t\t<div class=\"elementor-column elementor-col-100 elementor-top-column elementor-element elementor-element-50764c4e\" data-id=\"50764c4e\" data-element_type=\"column\" data-e-type=\"column\">\n\t\t\t<div class=\"elementor-widget-wrap elementor-element-populated\">\n\t\t\t\t\t\t<div class=\"elementor-element elementor-element-40977381 elementor-widget elementor-widget-text-editor\" data-id=\"40977381\" data-element_type=\"widget\" data-e-type=\"widget\" data-widget_type=\"text-editor.default\">\n\t\t\t\t<div class=\"elementor-widget-container\">\n\t\t\t\t\t\t\t\t\t<figure class=\"wp-block-image size-large is-style-default\"><img alt=\"\" decoding=\"async\" class=\"wp-image-54\" src=\"http:\/\/rattaneo.com\/wp-content\/uploads\/2021\/05\/My-Post-23-1024x576.png\" alt=\"\"><\/figure>\n<p>Meble z rattanu maj\u0105 bogat\u0105 i fascynuj\u0105c\u0105 histori\u0119, kt\u00f3ra si\u0119ga wiek\u00f3w. U\u017cycie rattanu, ro\u015bliny podobnej do winoro\u015bli, w produkcji mebli mo\u017cna \u015bledzi\u0107 a\u017c do staro\u017cytnych cywilizacji, gdzie by\u0142a ona ceniona za swoje naturalne pi\u0119kno i elastyczno\u015b\u0107. Pocz\u0105tki historii mebli z naturalnego rattanu wykonanych z mistrzowskim rzemios\u0142em mo\u017cna odnale\u017a\u0107 w staro\u017cytnym Egipcie, gdzie produkty wiklinowe mo\u017cna znale\u017a\u0107 w grobach faraon\u00f3w.<\/p>\n<figure class=\"wp-block-image size-large\"><img decoding=\"async\" class=\"wp-image-55\" src=\"http:\/\/rattaneo.com\/wp-content\/uploads\/2021\/05\/My-Post-24-1024x549.png\" alt=\"historia rattanu\"><\/figure>\n<p>Rzymianie przyj\u0119li staro\u017cytn\u0105 technik\u0119 produkcji mebli i rozpowszechnili j\u0105 w ca\u0142ym Imperium. W XIX wieku meble z rattanu zyska\u0142y popularno\u015b\u0107 w Europie podczas epoki wiktoria\u0144skiej, staj\u0105c si\u0119 symbolem elegancji i egzotyki. Lekko\u015b\u0107 i wytrzyma\u0142o\u015b\u0107 rattanu uczyni\u0142y go doskona\u0142ym wyborem do mebli zar\u00f3wno do wn\u0119trz, jak i na zewn\u0105trz. W po\u0142owie XX wieku meble z rattanu prze\u017cy\u0142y renesans popularno\u015bci, a ikoniczni projektanci, tak jak <a href=\"https:\/\/pl.wikipedia.org\/wiki\/Franco_Albini\">Franco Albini<\/a> i <a href=\"https:\/\/pl.wikipedia.org\/wiki\/Arne_Jacobsen\">Arne Jacobsen<\/a>, w\u0142\u0105czyli go do swoich nowoczesnych kreacji w duchu modernizmu.<\/p>\n<p>Dzi\u015b meble z rattanu wci\u0105\u017c s\u0105 cenione za sw\u00f3j ponadczasowy urok, przyjazno\u015b\u0107 dla \u015brodowiska i wszechstronno\u015b\u0107, co sprawia, \u017ce s\u0105 popularnym wyborem zar\u00f3wno dla projektant\u00f3w wn\u0119trz, jak i w\u0142a\u015bcicieli dom\u00f3w.<\/p>\n<p><a href=\"http:\/\/rattaneo.com\">Odkryj trwa\u0142y urok i magnetyzm mebli z rattanu, dow\u00f3d na trwa\u0142e walory materia\u0142\u00f3w pochodzenia naturalnego w dekoracji wn\u0119trz.<\/a><\/p><\/p>\n\t\t\t\t\t\t\t\t<\/div>\n\t\t\t\t<\/div>\n\t\t\t\t\t<\/div>\n\t\t<\/div>\n\t\t\t\t\t<\/div>\n\t\t<\/section>\n\t\t\t\t<\/div>\n\t\t","protected":false},"excerpt":{"rendered":"<p>Meble z rattanu maj\u0105 bogat\u0105 i fascynuj\u0105c\u0105 histori\u0119, kt\u00f3ra si\u0119ga wiek\u00f3w. U\u017cycie rattanu, ro\u015bliny podobnej do winoro\u015bli, w produkcji mebli mo\u017cna \u015bledzi\u0107 a\u017c do staro\u017cytnych cywilizacji, gdzie by\u0142a ona ceniona za swoje naturalne pi\u0119kno i elastyczno\u015b\u0107. Pocz\u0105tki historii mebli z naturalnego rattanu wykonanych z mistrzowskim rzemios\u0142em mo\u017cna odnale\u017a\u0107 w staro\u017cytnym Egipcie, gdzie produkty wiklinowe mo\u017cna [&hellip;]<\/p>\n","protected":false},"author":1,"featured_media":0,"parent":0,"menu_order":0,"comment_status":"closed","ping_status":"closed","template":"","meta":{"_seopress_robots_primary_cat":"","_seopress_titles_title":"","_seopress_titles_desc":"","_seopress_robots_index":"","_eb_attr":"","footnotes":""},"class_list":["post-9130","page","type-page","status-publish","hentry"],"jetpack-related-posts":[],"jetpack_sharing_enabled":true,"_links":{"self":[{"href":"https:\/\/rattaneo.com\/pl\/wp-json\/wp\/v2\/pages\/9130","targetHints":{"allow":["GET"]}}],"collection":[{"href":"https:\/\/rattaneo.com\/pl\/wp-json\/wp\/v2\/pages"}],"about":[{"href":"https:\/\/rattaneo.com\/pl\/wp-json\/wp\/v2\/types\/page"}],"author":[{"embeddable":true,"href":"https:\/\/rattaneo.com\/pl\/wp-json\/wp\/v2\/users\/1"}],"replies":[{"embeddable":true,"href":"https:\/\/rattaneo.com\/pl\/wp-json\/wp\/v2\/comments?post=9130"}],"version-history":[{"count":3,"href":"https:\/\/rattaneo.com\/pl\/wp-json\/wp\/v2\/pages\/9130\/revisions"}],"predecessor-version":[{"id":9163,"href":"https:\/\/rattaneo.com\/pl\/wp-json\/wp\/v2\/pages\/9130\/revisions\/9163"}],"wp:attachment":[{"href":"https:\/\/rattaneo.com\/pl\/wp-json\/wp\/v2\/media?parent=9130"}],"curies":[{"name":"wp","href":"https:\/\/api.w.org\/{rel}","templated":true}]}}