{"id":10551,"date":"2023-03-15T10:27:33","date_gmt":"2023-03-15T10:27:33","guid":{"rendered":""},"modified":"2025-09-25T10:41:59","modified_gmt":"2025-09-25T10:41:59","slug":"rattaneo-coral-f58-fotel-bujany-z-rattanu-naturalnego-koniakowy","status":"publish","type":"product","link":"https:\/\/rattaneo.com\/pl\/shop\/rattaneo-coral-f58-fotel-bujany-z-rattanu-naturalnego-koniakowy\/","title":{"rendered":"RattaNeo Coral f58 fotel bujany z rattanu naturalnego koniakowy"},"content":{"rendered":"<p>Ten ekskluzywny <a href=\"https:\/\/rattaneo.com\/?s=beryl\">fotel bujany<\/a> RattaNeo Coral f58, wykonany z naturalnego <a href=\"https:\/\/pl.wikipedia.org\/wiki\/Rotang\">rattanu<\/a>, \u0142\u0105czy w sobie elegancj\u0119 i funkcjonalno\u015b\u0107, zapewniaj\u0105c niezr\u00f3wnany komfort. Jego unikalne cechy i kolor dodaj\u0105 ciep\u0142a i wyrafinowania ka\u017cdej przestrzeni, podkre\u015blaj\u0105c gust w\u0142a\u015bciciela. <\/p>\n","protected":false},"excerpt":{"rendered":"<p>Fotel bujany Coral f58 marki RattaNeo to idealne po\u0142\u0105czenie komfortu i stylu. Wykonany z wysokiej jako\u015bci koniakowego rattanu w naturalnym wyko\u0144czeniu, fotel ten oferuje ponadczasowy wygl\u0105d, kt\u00f3ry uzupe\u0142ni ka\u017cdy wystr\u00f3j. Jego ergonomiczna konstrukcja zapewnia maksymalny komfort, czyni\u0105c go idealnym miejscem do relaksu. Niezale\u017cnie od tego, czy czytasz ksi\u0105\u017ck\u0119, czy delektujesz si\u0119 fili\u017cank\u0105 kawy, ten fotel bujany z pewno\u015bci\u0105 umili Ci wolny czas. Poczuj urok mebli rattanowych z fotelem bujanym Coral f58 marki RattaNeo.    <\/p>\n","protected":false},"featured_media":11211,"template":"","meta":{"_seopress_robots_primary_cat":"","_seopress_titles_title":"","_seopress_titles_desc":"","_seopress_robots_index":"","_eb_attr":""},"pwb-brand":[],"product_brand":[],"product_cat":[310],"product_tag":[],"class_list":{"0":"post-10551","1":"product","2":"type-product","3":"status-publish","4":"has-post-thumbnail","6":"product_cat-fotele","7":"product_shipping_class-standard-big-1m-pl","8":"pa_color-koniak","9":"pa_size-109x59x120-cm-pl","11":"first","12":"outofstock","13":"taxable","14":"shipping-taxable","15":"purchasable","16":"product-type-simple"},"jetpack-related-posts":[],"jetpack_sharing_enabled":true,"brands":[],"_links":{"self":[{"href":"https:\/\/rattaneo.com\/pl\/wp-json\/wp\/v2\/product\/10551","targetHints":{"allow":["GET"]}}],"collection":[{"href":"https:\/\/rattaneo.com\/pl\/wp-json\/wp\/v2\/product"}],"about":[{"href":"https:\/\/rattaneo.com\/pl\/wp-json\/wp\/v2\/types\/product"}],"version-history":[{"count":1,"href":"https:\/\/rattaneo.com\/pl\/wp-json\/wp\/v2\/product\/10551\/revisions"}],"predecessor-version":[{"id":11341,"href":"https:\/\/rattaneo.com\/pl\/wp-json\/wp\/v2\/product\/10551\/revisions\/11341"}],"wp:featuredmedia":[{"embeddable":true,"href":"https:\/\/rattaneo.com\/pl\/wp-json\/wp\/v2\/media\/11211"}],"wp:attachment":[{"href":"https:\/\/rattaneo.com\/pl\/wp-json\/wp\/v2\/media?parent=10551"}],"wp:term":[{"taxonomy":"pwb-brand","embeddable":true,"href":"https:\/\/rattaneo.com\/pl\/wp-json\/wp\/v2\/pwb-brand?post=10551"},{"taxonomy":"product_brand","embeddable":true,"href":"https:\/\/rattaneo.com\/pl\/wp-json\/wp\/v2\/product_brand?post=10551"},{"taxonomy":"product_cat","embeddable":true,"href":"https:\/\/rattaneo.com\/pl\/wp-json\/wp\/v2\/product_cat?post=10551"},{"taxonomy":"product_tag","embeddable":true,"href":"https:\/\/rattaneo.com\/pl\/wp-json\/wp\/v2\/product_tag?post=10551"}],"curies":[{"name":"wp","href":"https:\/\/api.w.org\/{rel}","templated":true}]}}