{"id":12391,"date":"2023-03-14T11:17:44","date_gmt":"2023-03-14T11:17:44","guid":{"rendered":""},"modified":"2025-03-12T20:35:40","modified_gmt":"2025-03-12T19:35:40","slug":"rattaneo-coral-s139-stol-z-rattanu-naturalnego-brazowy","status":"publish","type":"product","link":"https:\/\/rattaneo.com\/pl\/shop\/rattaneo-coral-s139-stol-z-rattanu-naturalnego-brazowy\/","title":{"rendered":"RattaNeo Coral s139 st\u00f3\u0142 z rattanu naturalnego br\u0105zowy"},"content":{"rendered":"","protected":false},"excerpt":{"rendered":"","protected":false},"featured_media":4696,"template":"","meta":{"_seopress_robots_primary_cat":"","_seopress_titles_title":"","_seopress_titles_desc":"","_seopress_robots_index":"","_eb_attr":""},"pwb-brand":[],"product_brand":[],"product_cat":[300,796],"product_tag":[],"class_list":{"0":"post-12391","1":"product","2":"type-product","3":"status-publish","4":"has-post-thumbnail","6":"product_cat-stoly","7":"product_cat-uncategorized","8":"product_shipping_class-standard-big-1m-pl","9":"pa_color-braz","10":"pa_size-76x100x100-cm-pl","12":"first","13":"outofstock","14":"taxable","15":"shipping-taxable","16":"purchasable","17":"product-type-simple"},"jetpack-related-posts":[],"jetpack_sharing_enabled":true,"brands":[],"_links":{"self":[{"href":"https:\/\/rattaneo.com\/pl\/wp-json\/wp\/v2\/product\/12391","targetHints":{"allow":["GET"]}}],"collection":[{"href":"https:\/\/rattaneo.com\/pl\/wp-json\/wp\/v2\/product"}],"about":[{"href":"https:\/\/rattaneo.com\/pl\/wp-json\/wp\/v2\/types\/product"}],"version-history":[{"count":0,"href":"https:\/\/rattaneo.com\/pl\/wp-json\/wp\/v2\/product\/12391\/revisions"}],"wp:featuredmedia":[{"embeddable":true,"href":"https:\/\/rattaneo.com\/pl\/wp-json\/wp\/v2\/media\/4696"}],"wp:attachment":[{"href":"https:\/\/rattaneo.com\/pl\/wp-json\/wp\/v2\/media?parent=12391"}],"wp:term":[{"taxonomy":"pwb-brand","embeddable":true,"href":"https:\/\/rattaneo.com\/pl\/wp-json\/wp\/v2\/pwb-brand?post=12391"},{"taxonomy":"product_brand","embeddable":true,"href":"https:\/\/rattaneo.com\/pl\/wp-json\/wp\/v2\/product_brand?post=12391"},{"taxonomy":"product_cat","embeddable":true,"href":"https:\/\/rattaneo.com\/pl\/wp-json\/wp\/v2\/product_cat?post=12391"},{"taxonomy":"product_tag","embeddable":true,"href":"https:\/\/rattaneo.com\/pl\/wp-json\/wp\/v2\/product_tag?post=12391"}],"curies":[{"name":"wp","href":"https:\/\/api.w.org\/{rel}","templated":true}]}}